{"id":30875,"date":"2017-01-09T10:15:18","date_gmt":"2017-01-09T09:15:18","guid":{"rendered":"https:\/\/www.nonnonanni.it\/de\/consigli-dai-nonni\/"},"modified":"2017-02-20T17:11:21","modified_gmt":"2017-02-20T16:11:21","slug":"tipps-der-grosseltern","status":"publish","type":"page","link":"https:\/\/www.nonnonanni.it\/de\/tipps-der-grosseltern\/","title":{"rendered":"Was die Gro\u00dfeltern noch wussten"},"content":{"rendered":"<h3><strong>Der wert der geschichte: das wort an die grosseltern<\/strong><\/h3>\n<p>Ein Bereich, gewidmet den Traditionswerten, spontanen Volksweisheiten und den echten und intensiven kulinarischen Gen\u00fcssen. So gelingt ein Sprung in die Vergangenheit, gef\u00fchrt von denen, die sie erlebt haben.\u00a0 Lassen Sie sich von Kinderreimen und volkst\u00fcmlichen Traditionen der Gro\u00dfeltern mitnehmen, sammeln Sie ihre wertvollen Empfehlungen und genie\u00dfen Sie das Vergn\u00fcgen, die damalige Zeit neu zu entdecken.<\/p>\n","protected":false},"excerpt":{"rendered":"<p>Der wert der geschichte: das wort an die grosseltern Ein Bereich, gewidmet den Traditionswerten, spontanen Volksweisheiten und den echten und intensiven kulinarischen Gen\u00fcssen. So gelingt ein Sprung in die Vergangenheit, gef\u00fchrt von denen, die sie erlebt haben.\u00a0 Lassen Sie sich von Kinderreimen und volkst\u00fcmlichen Traditionen der Gro\u00dfeltern mitnehmen, sammeln Sie ihre wertvollen Empfehlungen und genie\u00dfen [&hellip;]<\/p>\n","protected":false},"author":1,"featured_media":0,"parent":0,"menu_order":12,"comment_status":"closed","ping_status":"closed","template":"template-detto-dai-nonni.php","meta":{"_acf_changed":false,"footnotes":""},"class_list":["post-30875","page","type-page","status-publish","hentry"],"acf":[],"_links":{"self":[{"href":"https:\/\/www.nonnonanni.it\/de\/wp-json\/wp\/v2\/pages\/30875","targetHints":{"allow":["GET"]}}],"collection":[{"href":"https:\/\/www.nonnonanni.it\/de\/wp-json\/wp\/v2\/pages"}],"about":[{"href":"https:\/\/www.nonnonanni.it\/de\/wp-json\/wp\/v2\/types\/page"}],"author":[{"embeddable":true,"href":"https:\/\/www.nonnonanni.it\/de\/wp-json\/wp\/v2\/users\/1"}],"replies":[{"embeddable":true,"href":"https:\/\/www.nonnonanni.it\/de\/wp-json\/wp\/v2\/comments?post=30875"}],"version-history":[{"count":0,"href":"https:\/\/www.nonnonanni.it\/de\/wp-json\/wp\/v2\/pages\/30875\/revisions"}],"wp:attachment":[{"href":"https:\/\/www.nonnonanni.it\/de\/wp-json\/wp\/v2\/media?parent=30875"}],"curies":[{"name":"wp","href":"https:\/\/api.w.org\/{rel}","templated":true}]}}