{"id":30906,"date":"2016-11-14T14:35:45","date_gmt":"2016-11-14T13:35:45","guid":{"rendered":"https:\/\/www.nonnonanni.it\/de\/unternehmen\/caseificio-latteria-montello\/"},"modified":"2026-04-17T13:56:58","modified_gmt":"2026-04-17T11:56:58","slug":"kaeserei-latteria-montello","status":"publish","type":"page","link":"https:\/\/www.nonnonanni.it\/de\/unternehmen\/kaeserei-latteria-montello\/","title":{"rendered":"Latteria Montello"},"content":{"rendered":"<h3>Qualit\u00e4t traditionelle<\/h3>\n<p>Die Latteria Montello ist ein hochmodernes Unternehmen, Leader im Premiumsegment des italienischen Marktes f\u00fcr Stracchino-K\u00e4se. Das Unternehmen verf\u00fcgt \u00fcber technisch fortschrittliche Betriebsanlagen mit hohem Produktionsverm\u00f6gen und st\u00fctzt sich auf hochqualifizierte Mitarbeiter und Prozesse mit Qualit\u00e4tssicherung. Im Laufe der Jahre hat das Unternehmen ein effizientes Vertriebsnetz ins Leben gerufen, das im Land f\u00fcr eine fl\u00e4chendeckende und punktuelle Pr\u00e4senz der Nonno Nanni-Produkte gesorgt hat.<\/p>\n","protected":false},"excerpt":{"rendered":"<p>LATTERIA<br \/>MONTELLO<\/p>\n","protected":false},"author":1,"featured_media":1247,"parent":30893,"menu_order":0,"comment_status":"closed","ping_status":"closed","template":"template-child-azienda-latteria-montello.php","meta":{"_acf_changed":false,"footnotes":""},"class_list":["post-30906","page","type-page","status-publish","has-post-thumbnail","hentry"],"acf":[],"_links":{"self":[{"href":"https:\/\/www.nonnonanni.it\/de\/wp-json\/wp\/v2\/pages\/30906","targetHints":{"allow":["GET"]}}],"collection":[{"href":"https:\/\/www.nonnonanni.it\/de\/wp-json\/wp\/v2\/pages"}],"about":[{"href":"https:\/\/www.nonnonanni.it\/de\/wp-json\/wp\/v2\/types\/page"}],"author":[{"embeddable":true,"href":"https:\/\/www.nonnonanni.it\/de\/wp-json\/wp\/v2\/users\/1"}],"replies":[{"embeddable":true,"href":"https:\/\/www.nonnonanni.it\/de\/wp-json\/wp\/v2\/comments?post=30906"}],"version-history":[{"count":1,"href":"https:\/\/www.nonnonanni.it\/de\/wp-json\/wp\/v2\/pages\/30906\/revisions"}],"predecessor-version":[{"id":90376,"href":"https:\/\/www.nonnonanni.it\/de\/wp-json\/wp\/v2\/pages\/30906\/revisions\/90376"}],"up":[{"embeddable":true,"href":"https:\/\/www.nonnonanni.it\/de\/wp-json\/wp\/v2\/pages\/30893"}],"wp:featuredmedia":[{"embeddable":true,"href":"https:\/\/www.nonnonanni.it\/de\/wp-json\/wp\/v2\/media\/1247"}],"wp:attachment":[{"href":"https:\/\/www.nonnonanni.it\/de\/wp-json\/wp\/v2\/media?parent=30906"}],"curies":[{"name":"wp","href":"https:\/\/api.w.org\/{rel}","templated":true}]}}