{"id":44641,"date":"2016-11-14T14:11:25","date_gmt":"2016-11-14T13:11:25","guid":{"rendered":"https:\/\/www.nonnonanni.it\/ricette-con-formaggio\/"},"modified":"2025-09-15T11:04:55","modified_gmt":"2025-09-15T09:04:55","slug":"recetas","status":"publish","type":"page","link":"https:\/\/www.nonnonanni.it\/es\/recetas\/","title":{"rendered":"Recetas"},"content":{"rendered":"<h3><strong>Inspiraciones deliciosas<\/strong><\/h3>\n<p><span style=\"font-weight: 400;\">Utilizamos solamente productos frescos y de temporada para regalar a nuestras recetas un sabor aut\u00e9ntico. Proponemos combinaciones que se distinguen por la cremosidad t\u00edpica de los quesos frescos Nonno Nanni y por la cuidadosa selecci\u00f3n de los ingredientes. <\/span><\/p>\n","protected":false},"excerpt":{"rendered":"<p>Inspiraciones deliciosas Utilizamos solamente productos frescos y de temporada para regalar a nuestras recetas un sabor aut\u00e9ntico. Proponemos combinaciones que se distinguen por la cremosidad t\u00edpica de los quesos frescos Nonno Nanni y por la cuidadosa selecci\u00f3n de los ingredientes.<\/p>\n","protected":false},"author":1,"featured_media":0,"parent":0,"menu_order":3,"comment_status":"closed","ping_status":"closed","template":"template-ricette.php","meta":{"_acf_changed":false,"footnotes":""},"class_list":["post-44641","page","type-page","status-publish","hentry"],"acf":[],"_links":{"self":[{"href":"https:\/\/www.nonnonanni.it\/es\/wp-json\/wp\/v2\/pages\/44641","targetHints":{"allow":["GET"]}}],"collection":[{"href":"https:\/\/www.nonnonanni.it\/es\/wp-json\/wp\/v2\/pages"}],"about":[{"href":"https:\/\/www.nonnonanni.it\/es\/wp-json\/wp\/v2\/types\/page"}],"author":[{"embeddable":true,"href":"https:\/\/www.nonnonanni.it\/es\/wp-json\/wp\/v2\/users\/1"}],"replies":[{"embeddable":true,"href":"https:\/\/www.nonnonanni.it\/es\/wp-json\/wp\/v2\/comments?post=44641"}],"version-history":[{"count":2,"href":"https:\/\/www.nonnonanni.it\/es\/wp-json\/wp\/v2\/pages\/44641\/revisions"}],"predecessor-version":[{"id":44712,"href":"https:\/\/www.nonnonanni.it\/es\/wp-json\/wp\/v2\/pages\/44641\/revisions\/44712"}],"wp:attachment":[{"href":"https:\/\/www.nonnonanni.it\/es\/wp-json\/wp\/v2\/media?parent=44641"}],"curies":[{"name":"wp","href":"https:\/\/api.w.org\/{rel}","templated":true}]}}