{"id":44772,"date":"2016-11-14T14:35:45","date_gmt":"2016-11-14T13:35:45","guid":{"rendered":"https:\/\/www.nonnonanni.it\/azienda\/caseificio-latteria-montello\/"},"modified":"2026-04-17T13:56:14","modified_gmt":"2026-04-17T11:56:14","slug":"latteria-montello","status":"publish","type":"page","link":"https:\/\/www.nonnonanni.it\/es\/empresa\/latteria-montello\/","title":{"rendered":"Latteria Montello"},"content":{"rendered":"<h3 class=\"block__rgtimage__text__tt\"><strong>La calidad de anta\u00f1o<\/strong><\/h3>\n<p><span style=\"font-weight: 400;\">Latteria Montello es una empresa de vanguardia, l\u00edder en el segmento de alta calidad del mercado de quesos Stracchini en Italia. Sus instalaciones se caracterizan por una tecnolog\u00eda avanzada con una alta capacidad de producci\u00f3n. La empresa emplea personal altamente cualificado y procesos de calidad certificados. A lo largo de los a\u00f1os, la empresa ha creado una eficaz red de distribuci\u00f3n garantizando la presencia cabal de los productos de Nonno Nanni en todo el territorio. <\/span><\/p>\n","protected":false},"excerpt":{"rendered":"<p>LATTERIA<br \/>MONTELLO<\/p>\n","protected":false},"author":1,"featured_media":44774,"parent":44645,"menu_order":0,"comment_status":"closed","ping_status":"closed","template":"template-child-azienda-latteria-montello.php","meta":{"_acf_changed":false,"footnotes":""},"class_list":["post-44772","page","type-page","status-publish","has-post-thumbnail","hentry"],"acf":[],"_links":{"self":[{"href":"https:\/\/www.nonnonanni.it\/es\/wp-json\/wp\/v2\/pages\/44772","targetHints":{"allow":["GET"]}}],"collection":[{"href":"https:\/\/www.nonnonanni.it\/es\/wp-json\/wp\/v2\/pages"}],"about":[{"href":"https:\/\/www.nonnonanni.it\/es\/wp-json\/wp\/v2\/types\/page"}],"author":[{"embeddable":true,"href":"https:\/\/www.nonnonanni.it\/es\/wp-json\/wp\/v2\/users\/1"}],"replies":[{"embeddable":true,"href":"https:\/\/www.nonnonanni.it\/es\/wp-json\/wp\/v2\/comments?post=44772"}],"version-history":[{"count":2,"href":"https:\/\/www.nonnonanni.it\/es\/wp-json\/wp\/v2\/pages\/44772\/revisions"}],"predecessor-version":[{"id":90375,"href":"https:\/\/www.nonnonanni.it\/es\/wp-json\/wp\/v2\/pages\/44772\/revisions\/90375"}],"up":[{"embeddable":true,"href":"https:\/\/www.nonnonanni.it\/es\/wp-json\/wp\/v2\/pages\/44645"}],"wp:featuredmedia":[{"embeddable":true,"href":"https:\/\/www.nonnonanni.it\/es\/wp-json\/wp\/v2\/media\/44774"}],"wp:attachment":[{"href":"https:\/\/www.nonnonanni.it\/es\/wp-json\/wp\/v2\/media?parent=44772"}],"curies":[{"name":"wp","href":"https:\/\/api.w.org\/{rel}","templated":true}]}}