{"id":32076,"date":"2016-11-22T15:28:25","date_gmt":"2016-11-22T14:28:25","guid":{"rendered":"https:\/\/www.nonnonanni.it\/fr\/news-ed-eventi\/"},"modified":"2017-02-24T11:34:11","modified_gmt":"2017-02-24T10:34:11","slug":"nouveautes-et-evenements","status":"publish","type":"page","link":"https:\/\/www.nonnonanni.it\/fr\/nouveautes-et-evenements\/","title":{"rendered":"Nouveaut\u00e9s et \u00e9v\u00e8nements"},"content":{"rendered":"","protected":false},"excerpt":{"rendered":"","protected":false},"author":1,"featured_media":0,"parent":0,"menu_order":7,"comment_status":"closed","ping_status":"closed","template":"template-news-event.php","meta":{"_acf_changed":false,"footnotes":""},"class_list":["post-32076","page","type-page","status-publish","hentry"],"acf":[],"_links":{"self":[{"href":"https:\/\/www.nonnonanni.it\/fr\/wp-json\/wp\/v2\/pages\/32076","targetHints":{"allow":["GET"]}}],"collection":[{"href":"https:\/\/www.nonnonanni.it\/fr\/wp-json\/wp\/v2\/pages"}],"about":[{"href":"https:\/\/www.nonnonanni.it\/fr\/wp-json\/wp\/v2\/types\/page"}],"author":[{"embeddable":true,"href":"https:\/\/www.nonnonanni.it\/fr\/wp-json\/wp\/v2\/users\/1"}],"replies":[{"embeddable":true,"href":"https:\/\/www.nonnonanni.it\/fr\/wp-json\/wp\/v2\/comments?post=32076"}],"version-history":[{"count":0,"href":"https:\/\/www.nonnonanni.it\/fr\/wp-json\/wp\/v2\/pages\/32076\/revisions"}],"wp:attachment":[{"href":"https:\/\/www.nonnonanni.it\/fr\/wp-json\/wp\/v2\/media?parent=32076"}],"curies":[{"name":"wp","href":"https:\/\/api.w.org\/{rel}","templated":true}]}}